{"id":4575,"date":"2016-12-22T11:19:42","date_gmt":"2016-12-22T10:19:42","guid":{"rendered":"http:\/\/dir-informatica.com\/aviso-legal\/"},"modified":"2023-12-19T15:34:19","modified_gmt":"2023-12-19T14:34:19","slug":"avis-legal","status":"publish","type":"page","link":"https:\/\/dir-informatica.com\/ca\/avis-legal\/","title":{"rendered":"Av\u00eds legal"},"content":{"rendered":"\t\t<div data-elementor-type=\"wp-page\" data-elementor-id=\"4575\" class=\"elementor elementor-4575 elementor-3700\" data-elementor-post-type=\"page\">\n\t\t\t\t<div class=\"elementor-element elementor-element-3c83addb e-flex e-con-boxed e-con e-parent\" data-id=\"3c83addb\" data-element_type=\"container\" data-e-type=\"container\">\n\t\t\t\t\t<div class=\"e-con-inner\">\n\t\t\t\t<div class=\"elementor-element elementor-element-715e19b6 elementor-widget elementor-widget-text-editor\" data-id=\"715e19b6\" data-element_type=\"widget\" data-e-type=\"widget\" data-widget_type=\"text-editor.default\">\n\t\t\t\t<div class=\"elementor-widget-container\">\n\t\t\t\t\t\t\t\t\t&nbsp;\r\n<h1>Av\u00eds legal<\/h1>\r\n<h2>Tractament de dades de car\u00e0cter personal<\/h2>\r\n<b>DIR INFORMATICA BCN S.L<\/b>\u00a0\u00e9s l&#8217;empresa titular de la p\u00e0gina web <b>www.dir-informatica.es<\/b>\r\n\r\nP\u00e0gina Web: <a href=\"#\"><b>www.dir-informatica.es<\/b><\/a>\r\n\r\nEmpresa propiet\u00e0ria:\r\nNom: DIR INFORMATICA BCN S.L.\r\nDomicili social: C \/ Bol\u00edvia 144-146 local 6 08018 BARCELONA\r\nRegistre Mercantil de Barcelona, Tom 31312; Foli 116 Full n\u00ba B 185.389\r\nCIF: B-61846242\r\nContacte: Correu electr\u00f2nic (e-mail): <a href=\"mailto:jantolin@dir-informatica.es\">info@dir-informatica.es<\/a>\r\n\r\nMarques comercials:\r\nDIR INFORMATICA\u00ae \u00e9s el nom comercial de la DIR INFORMATICA BCN, S.L.\r\nDIR INFORMATICA\u00ae comercialitza la fam\u00edlia de productes Masterpan\u00ae i \u00e9s la propiet\u00e0ria de la marca Masterpan\u00ae.\r\nLa p\u00e0gina web de DIR INFORMATICA BCN S.L. proporciona l&#8217;acc\u00e9s a continguts a Internet als quals l&#8217;Usuari, amb car\u00e0cter general, pot tenir acc\u00e9s de forma lliure.\r\n\r\nA m\u00e9s d&#8217;aquest acc\u00e9s lliure, per a alguns serveis prestats per <b>DIR INFORMATICA BCN S.L.<\/b> a trav\u00e9s de la seva p\u00e0gina web ser\u00e0 necessari que l&#8217;Usuari es registri com a Client, proporcionant una s\u00e8rie de dades personals necess\u00e0ries per poder tenir acc\u00e9s als esmentats serveis, dades que permeten la prestaci\u00f3 del servei per part de <strong>DIR INFORMATICA BCN S.L<\/strong>. i la correcta identificaci\u00f3 de l&#8217;Usuari registrat, aix\u00ed com l&#8217;enviament d&#8217;informaci\u00f3 i publicitat dels diferents productes que <strong>DIR INFORMATICA BCN S.L.<\/strong> pugui tenir a la seva p\u00e0gina web. Les comunicacions comercials es realitzaran per correu electr\u00f2nic a l&#8217;adre\u00e7a de correu electr\u00f2nic facilitada per l&#8217;Usuari, qui presta el seu consentiment expr\u00e9s per aquests enviaments publicitaris a trav\u00e9s de correu electr\u00f2nic.\r\n\r\n<b>DIR INFORMATICA BCN S.L.<\/b>\u00a0es compromet a complir amb el deure de secret d&#8217;aquestes dades, aix\u00ed com a tractar-los amb confidencialitat, assumint les mesures necess\u00e0ries per evitar la seva alteraci\u00f3, p\u00e8rdua, tractament o acc\u00e9s no autoritzat, tal com es recull en la Llei Org\u00e0nica 15\/1999, de 13 de desembre, de protecci\u00f3 de dades de car\u00e0cter personal, i el Reial Decret 994\/1999, d&#8217;11 de juny.\r\n\r\nAix\u00ed mateix,<b> DIR INFORMATICA BCN S.L.<\/b>\u00a0es compromet a la no utilitzaci\u00f3 d&#8217;aquestes dades personals per a fins diferents de l&#8217;objecte del servei que presta a trav\u00e9s de la seva p\u00e0gina web\u00a0<a href=\"#\"><b>www.dir-informatica.es<\/b><\/a>.\r\n\r\nL&#8217;usuari respondr\u00e0, en qualsevol cas, de la veracitat, exactitud, autenticitat i vig\u00e8ncia de les dades facilitades, reservant-se <strong>DIR INFORMATICA BCN S.L.<\/strong> el dret a excloure dels serveis registrats a tot usuari que hagi facilitat dades falses, sense perjudici de les altres accions que procedeixin en Dret.\r\n\r\nQualsevol Usuari registrat pot en qualsevol moment exercir el dret a accedir, rectificar i, si escau, cancel\u00b7lar les seves dades de car\u00e0cter personal subministrades, mitjan\u00e7ant petici\u00f3 escrita per carta dirigida al domicili social de <strong>DIR INFORMATICA BCN S.L.<\/strong>\r\n\r\nMarques comercials:\r\nDIR INFORMATICA\u00ae \u00e9s el nom comercial de la DIR INFORMATICA BCN, S.L.\r\nDIR INFORMATICA\u00ae comercialitza la fam\u00edlia de productes Masterpan\u00ae i \u00e9s la propiet\u00e0ria de la marca Masterpan\u00ae.\r\n\r\n&nbsp;\r\n\r\n&nbsp;\t\t\t\t\t\t\t\t<\/div>\n\t\t\t\t<\/div>\n\t\t\t\t\t<\/div>\n\t\t\t\t<\/div>\n\t\t\t\t<\/div>\n\t\t","protected":false},"excerpt":{"rendered":"<p>&nbsp; Av\u00eds legal Tractament de dades de car\u00e0cter personal DIR INFORMATICA BCN S.L\u00a0\u00e9s l&#8217;empresa titular de la p\u00e0gina web www.dir-informatica.es P\u00e0gina Web: www.dir-informatica.es Empresa propiet\u00e0ria: Nom: DIR INFORMATICA BCN S.L. Domicili social: C \/ Bol\u00edvia 144-146 local 6 08018 BARCELONA Registre Mercantil de Barcelona, Tom 31312; Foli 116 Full n\u00ba B 185.389 CIF: B-61846242 Contacte: [&hellip;]<\/p>\n","protected":false},"author":1,"featured_media":0,"parent":0,"menu_order":0,"comment_status":"closed","ping_status":"closed","template":"","meta":{"_vp_format_video_url":"","_vp_image_focal_point":[],"footnotes":""},"class_list":["post-4575","page","type-page","status-publish","hentry"],"yoast_head":"<!-- This site is optimized with the Yoast SEO plugin v27.3 - https:\/\/yoast.com\/product\/yoast-seo-wordpress\/ -->\n<title>Av\u00eds legal -<\/title>\n<meta name=\"robots\" content=\"index, follow, max-snippet:-1, max-image-preview:large, max-video-preview:-1\" \/>\n<link rel=\"canonical\" href=\"https:\/\/dir-informatica.com\/ca\/avis-legal\/\" \/>\n<meta property=\"og:locale\" content=\"ca_ES\" \/>\n<meta property=\"og:type\" content=\"article\" \/>\n<meta property=\"og:title\" content=\"Av\u00eds legal -\" \/>\n<meta property=\"og:description\" content=\"&nbsp; Av\u00eds legal Tractament de dades de car\u00e0cter personal DIR INFORMATICA BCN S.L\u00a0\u00e9s l&#8217;empresa titular de la p\u00e0gina web www.dir-informatica.es P\u00e0gina Web: www.dir-informatica.es Empresa propiet\u00e0ria: Nom: DIR INFORMATICA BCN S.L. Domicili social: C \/ Bol\u00edvia 144-146 local 6 08018 BARCELONA Registre Mercantil de Barcelona, Tom 31312; Foli 116 Full n\u00ba B 185.389 CIF: B-61846242 Contacte: [&hellip;]\" \/>\n<meta property=\"og:url\" content=\"https:\/\/dir-informatica.com\/ca\/avis-legal\/\" \/>\n<meta property=\"og:site_name\" content=\"DIR Inform\u00e1tica\" \/>\n<meta property=\"article:modified_time\" content=\"2023-12-19T14:34:19+00:00\" \/>\n<meta name=\"twitter:card\" content=\"summary_large_image\" \/>\n<meta name=\"twitter:label1\" content=\"Temps estimat de lectura\" \/>\n\t<meta name=\"twitter:data1\" content=\"3 minuts\" \/>\n<script type=\"application\/ld+json\" class=\"yoast-schema-graph\">{\"@context\":\"https:\\\/\\\/schema.org\",\"@graph\":[{\"@type\":\"WebPage\",\"@id\":\"https:\\\/\\\/dir-informatica.com\\\/ca\\\/avis-legal\\\/\",\"url\":\"https:\\\/\\\/dir-informatica.com\\\/ca\\\/avis-legal\\\/\",\"name\":\"Av\u00eds legal -\",\"isPartOf\":{\"@id\":\"https:\\\/\\\/dir-informatica.com\\\/#website\"},\"datePublished\":\"2016-12-22T10:19:42+00:00\",\"dateModified\":\"2023-12-19T14:34:19+00:00\",\"breadcrumb\":{\"@id\":\"https:\\\/\\\/dir-informatica.com\\\/ca\\\/avis-legal\\\/#breadcrumb\"},\"inLanguage\":\"ca\",\"potentialAction\":[{\"@type\":\"ReadAction\",\"target\":[\"https:\\\/\\\/dir-informatica.com\\\/ca\\\/avis-legal\\\/\"]}]},{\"@type\":\"BreadcrumbList\",\"@id\":\"https:\\\/\\\/dir-informatica.com\\\/ca\\\/avis-legal\\\/#breadcrumb\",\"itemListElement\":[{\"@type\":\"ListItem\",\"position\":1,\"name\":\"Portada\",\"item\":\"https:\\\/\\\/dir-informatica.com\\\/\"},{\"@type\":\"ListItem\",\"position\":2,\"name\":\"Av\u00eds legal\"}]},{\"@type\":\"WebSite\",\"@id\":\"https:\\\/\\\/dir-informatica.com\\\/#website\",\"url\":\"https:\\\/\\\/dir-informatica.com\\\/\",\"name\":\"DIR Inform\u00e1tica\",\"description\":\"Otro sitio realizado con WordPress\",\"publisher\":{\"@id\":\"https:\\\/\\\/dir-informatica.com\\\/#organization\"},\"potentialAction\":[{\"@type\":\"SearchAction\",\"target\":{\"@type\":\"EntryPoint\",\"urlTemplate\":\"https:\\\/\\\/dir-informatica.com\\\/?s={search_term_string}\"},\"query-input\":{\"@type\":\"PropertyValueSpecification\",\"valueRequired\":true,\"valueName\":\"search_term_string\"}}],\"inLanguage\":\"ca\"},{\"@type\":\"Organization\",\"@id\":\"https:\\\/\\\/dir-informatica.com\\\/#organization\",\"name\":\"DIR Inform\u00e1tica\",\"url\":\"https:\\\/\\\/dir-informatica.com\\\/\",\"logo\":{\"@type\":\"ImageObject\",\"inLanguage\":\"ca\",\"@id\":\"https:\\\/\\\/dir-informatica.com\\\/#\\\/schema\\\/logo\\\/image\\\/\",\"url\":\"https:\\\/\\\/dir-informatica.com\\\/wp-content\\\/uploads\\\/2022\\\/04\\\/logo-DIR-ERP-suite-2025-PNG.png\",\"contentUrl\":\"https:\\\/\\\/dir-informatica.com\\\/wp-content\\\/uploads\\\/2022\\\/04\\\/logo-DIR-ERP-suite-2025-PNG.png\",\"width\":1794,\"height\":1299,\"caption\":\"DIR Inform\u00e1tica\"},\"image\":{\"@id\":\"https:\\\/\\\/dir-informatica.com\\\/#\\\/schema\\\/logo\\\/image\\\/\"}}]}<\/script>\n<!-- \/ Yoast SEO plugin. -->","yoast_head_json":{"title":"Av\u00eds legal -","robots":{"index":"index","follow":"follow","max-snippet":"max-snippet:-1","max-image-preview":"max-image-preview:large","max-video-preview":"max-video-preview:-1"},"canonical":"https:\/\/dir-informatica.com\/ca\/avis-legal\/","og_locale":"ca_ES","og_type":"article","og_title":"Av\u00eds legal -","og_description":"&nbsp; Av\u00eds legal Tractament de dades de car\u00e0cter personal DIR INFORMATICA BCN S.L\u00a0\u00e9s l&#8217;empresa titular de la p\u00e0gina web www.dir-informatica.es P\u00e0gina Web: www.dir-informatica.es Empresa propiet\u00e0ria: Nom: DIR INFORMATICA BCN S.L. Domicili social: C \/ Bol\u00edvia 144-146 local 6 08018 BARCELONA Registre Mercantil de Barcelona, Tom 31312; Foli 116 Full n\u00ba B 185.389 CIF: B-61846242 Contacte: [&hellip;]","og_url":"https:\/\/dir-informatica.com\/ca\/avis-legal\/","og_site_name":"DIR Inform\u00e1tica","article_modified_time":"2023-12-19T14:34:19+00:00","twitter_card":"summary_large_image","twitter_misc":{"Temps estimat de lectura":"3 minuts"},"schema":{"@context":"https:\/\/schema.org","@graph":[{"@type":"WebPage","@id":"https:\/\/dir-informatica.com\/ca\/avis-legal\/","url":"https:\/\/dir-informatica.com\/ca\/avis-legal\/","name":"Av\u00eds legal -","isPartOf":{"@id":"https:\/\/dir-informatica.com\/#website"},"datePublished":"2016-12-22T10:19:42+00:00","dateModified":"2023-12-19T14:34:19+00:00","breadcrumb":{"@id":"https:\/\/dir-informatica.com\/ca\/avis-legal\/#breadcrumb"},"inLanguage":"ca","potentialAction":[{"@type":"ReadAction","target":["https:\/\/dir-informatica.com\/ca\/avis-legal\/"]}]},{"@type":"BreadcrumbList","@id":"https:\/\/dir-informatica.com\/ca\/avis-legal\/#breadcrumb","itemListElement":[{"@type":"ListItem","position":1,"name":"Portada","item":"https:\/\/dir-informatica.com\/"},{"@type":"ListItem","position":2,"name":"Av\u00eds legal"}]},{"@type":"WebSite","@id":"https:\/\/dir-informatica.com\/#website","url":"https:\/\/dir-informatica.com\/","name":"DIR Inform\u00e1tica","description":"Otro sitio realizado con WordPress","publisher":{"@id":"https:\/\/dir-informatica.com\/#organization"},"potentialAction":[{"@type":"SearchAction","target":{"@type":"EntryPoint","urlTemplate":"https:\/\/dir-informatica.com\/?s={search_term_string}"},"query-input":{"@type":"PropertyValueSpecification","valueRequired":true,"valueName":"search_term_string"}}],"inLanguage":"ca"},{"@type":"Organization","@id":"https:\/\/dir-informatica.com\/#organization","name":"DIR Inform\u00e1tica","url":"https:\/\/dir-informatica.com\/","logo":{"@type":"ImageObject","inLanguage":"ca","@id":"https:\/\/dir-informatica.com\/#\/schema\/logo\/image\/","url":"https:\/\/dir-informatica.com\/wp-content\/uploads\/2022\/04\/logo-DIR-ERP-suite-2025-PNG.png","contentUrl":"https:\/\/dir-informatica.com\/wp-content\/uploads\/2022\/04\/logo-DIR-ERP-suite-2025-PNG.png","width":1794,"height":1299,"caption":"DIR Inform\u00e1tica"},"image":{"@id":"https:\/\/dir-informatica.com\/#\/schema\/logo\/image\/"}}]}},"_links":{"self":[{"href":"https:\/\/dir-informatica.com\/ca\/wp-json\/wp\/v2\/pages\/4575","targetHints":{"allow":["GET"]}}],"collection":[{"href":"https:\/\/dir-informatica.com\/ca\/wp-json\/wp\/v2\/pages"}],"about":[{"href":"https:\/\/dir-informatica.com\/ca\/wp-json\/wp\/v2\/types\/page"}],"author":[{"embeddable":true,"href":"https:\/\/dir-informatica.com\/ca\/wp-json\/wp\/v2\/users\/1"}],"replies":[{"embeddable":true,"href":"https:\/\/dir-informatica.com\/ca\/wp-json\/wp\/v2\/comments?post=4575"}],"version-history":[{"count":8,"href":"https:\/\/dir-informatica.com\/ca\/wp-json\/wp\/v2\/pages\/4575\/revisions"}],"predecessor-version":[{"id":9151,"href":"https:\/\/dir-informatica.com\/ca\/wp-json\/wp\/v2\/pages\/4575\/revisions\/9151"}],"wp:attachment":[{"href":"https:\/\/dir-informatica.com\/ca\/wp-json\/wp\/v2\/media?parent=4575"}],"curies":[{"name":"wp","href":"https:\/\/api.w.org\/{rel}","templated":true}]}}